{"id":11359,"date":"2023-07-19T07:24:37","date_gmt":"2023-07-19T07:24:37","guid":{"rendered":"https:\/\/cbiu.gov.dm\/%e4%bb%a3%e7%90%86%e9%bb%91%e5%90%8d%e5%8d%95\/"},"modified":"2024-10-31T15:09:46","modified_gmt":"2024-10-31T15:09:46","slug":"%e4%bb%a3%e7%90%86%e9%bb%91%e5%90%8d%e5%8d%95","status":"publish","type":"page","link":"https:\/\/simplydev.co\/dominica\/%e5%a4%9a%e7%b1%b3%e5%b0%bc%e5%85%8b%e5%85%ac%e6%b0%91%e8%ba%ab%e4%bb%bd\/%e4%bb%a3%e7%90%86%e9%bb%91%e5%90%8d%e5%8d%95\/","title":{"rendered":"\u00e4\u00bb\u00a3\u00e7\u0090\u2020\u00e9\u00bb\u2018\u00e5\u0090\u008d\u00e5\u008d\u2022"},"content":{"rendered":"<h1>\u00e4\u00bb\u00a3\u00e7\u0090\u2020\u00e9\u00bb\u2018\u00e5\u0090\u008d\u00e5\u008d\u2022<\/h1>\n<h6><a href=\"https:\/\/cbiu.gov.dm\/zh-hans\/\">\u00e9\u00a6\u2013\u00e9\u00a1\u00b5<\/a> \u00e4\u00bb\u00a3\u00e7\u0090\u2020\u00e9\u00bb\u2018\u00e5\u0090\u008d\u00e5\u008d\u2022<\/h6>\n<h2>\u00e4\u00bb\u00a3\u00e7\u0090\u2020\u00e9\u00bb\u2018\u00e5\u0090\u008d\u00e5\u008d\u2022<\/h2>\n<p>\u00e5\u00a4\u0161\u00e7\u00b1\u00b3\u00e5\u00b0\u00bc\u00e5\u2026\u2039\u00e6\u0160\u2022\u00e8\u00b5\u201e\u00e7\u00a7\u00bb\u00e6\u00b0\u2018\u00e5\u00b1\u20ac\u00e9\u20ac\u0161\u00e7\u0178\u00a5\u00ef\u00bc\u0152\u00e4\u00bb\u00a5\u00e4\u00b8\u2039\u00e5\u2026\u00ac\u00e5\u008f\u00b8\u00e5\u2019\u0152\u00e4\u00bb\u00a3\u00e7\u0090\u2020\u00e4\u00b8\u008d\u00e6\u02dc\u00af\u00e5\u00a4\u0161\u00e7\u00b1\u00b3\u00e5\u00b0\u00bc\u00e5\u2026\u2039\u00e6\u0160\u2022\u00e8\u00b5\u201e\u00e7\u00a7\u00bb\u00e6\u00b0\u2018\u00e9\u00a1\u00b9\u00e7\u203a\u00ae\u00e7\u0161\u201e\u00e6\u017d\u02c6\u00e6\u009d\u0192\u00e4\u00bb\u00a3\u00e7\u0090\u2020\u00e6\u02c6\u2013\u00e6\u017d\u00a8\u00e5\u00b9\u00bf\u00e4\u00ba\u00ba\u00ef\u00bc\u0152\u00e4\u00b8\u017d\u00e5\u00a4\u0161\u00e7\u00b1\u00b3\u00e5\u00b0\u00bc\u00e5\u2026\u2039\u00e6\u0160\u2022\u00e8\u00b5\u201e\u00e7\u00a7\u00bb\u00e6\u00b0\u2018\u00e5\u00b1\u20ac\u00e6\u00b2\u00a1\u00e6\u0153\u2030\u00e4\u00bb\u00bb\u00e4\u00bd\u2022\u00e5\u2026\u00b3\u00e7\u00b3\u00bb\u00e3\u20ac\u201a<\/p>\n<h4>ALT GROUP<\/h4>\n<p>Alt Group Building, Salm Street, Sulaymaniyah, Iraq<\/p>\n<ul>\n<li>\n\t\t\t\t\t\t\t\t\t\t\t<a href=\"tel:+964%20770%20481%203939\"><br \/>\n\t\t\t\t\t\t\t\t\t\t+964 770 481 3939<br \/>\n\t\t\t\t\t\t\t\t\t\t\t<\/a>\n\t\t\t\t\t\t\t\t\t<\/li>\n<li>\n\t\t\t\t\t\t\t\t\t\t\t<a href=\"tel:+964%20770%20152%203939\"><br \/>\n\t\t\t\t\t\t\t\t\t\t+964 770 152 3939<br \/>\n\t\t\t\t\t\t\t\t\t\t\t<\/a>\n\t\t\t\t\t\t\t\t\t<\/li>\n<\/ul>\n<ul>\n<li>\n\t\t\t\t\t\t\t\t\t\t\t<a href=\"mailto:info@altgroupltd.com\"><br \/>\n\t\t\t\t\t\t\t\t\t\tinfo@altgroupltd.com<br \/>\n\t\t\t\t\t\t\t\t\t\t\t<\/a>\n\t\t\t\t\t\t\t\t\t<\/li>\n<\/ul>\n<ul>\n<li>\n\t\t\t\t\t\t\t\t\t\twww.altgroupltd.com\n\t\t\t\t\t\t\t\t\t<\/li>\n<\/ul>\n<h4>Canadian Bureau<\/h4>\n<p>Al Yasat Tower, Suite 1003, Najda Street, Abu Dhabi, United Arab Emirates<\/p>\n<ul>\n<li>\n\t\t\t\t\t\t\t\t\t\t\t<a href=\"https:\/\/canadianbureau.ae\/\" target=\"_blank\" rel=\"noopener\"><br \/>\n\t\t\t\t\t\t\t\t\t\twww.canadianbureau.ae<br \/>\n\t\t\t\t\t\t\t\t\t\t\t<\/a>\n\t\t\t\t\t\t\t\t\t<\/li>\n<\/ul>\n<h4>Dina Sky Immigration Services<\/h4>\n<p>Sarchnyar Street -Sulaymaniya<\/p>\n<ul>\n<li>\n\t\t\t\t\t\t\t\t\t\t\t<a href=\"mailto:info@dinaskycompany.com\"><br \/>\n\t\t\t\t\t\t\t\t\t\tinfo@dinaskycompany.com<br \/>\n\t\t\t\t\t\t\t\t\t\t\t<\/a>\n\t\t\t\t\t\t\t\t\t<\/li>\n<\/ul>\n<ul>\n<li>\n\t\t\t\t\t\t\t\t\t\t\t<a href=\"https:\/\/www.tourismsystem.net\/\" target=\"_blank\" rel=\"noopener\"><br \/>\n\t\t\t\t\t\t\t\t\t\twww.tourismsystem.net<br \/>\n\t\t\t\t\t\t\t\t\t\t\t<\/a>\n\t\t\t\t\t\t\t\t\t<\/li>\n<\/ul>\n<h4>JEFFERSON &amp; YORK BUSINESSMEN SERVICES<\/h4>\n<p>Office 408, Sultan Business Centre, Oud Metha, Dubai, United Arab Emirates<\/p>\n<ul>\n<li>\n\t\t\t\t\t\t\t\t\t\t\t<a href=\"tel:+971%204%203532424\"><br \/>\n\t\t\t\t\t\t\t\t\t\t+971 4 3532424<br \/>\n\t\t\t\t\t\t\t\t\t\t\t<\/a>\n\t\t\t\t\t\t\t\t\t<\/li>\n<\/ul>\n<ul>\n<li>\n\t\t\t\t\t\t\t\t\t\t\t<a href=\"mailto:info@jeffersonandyork.com\"><br \/>\n\t\t\t\t\t\t\t\t\t\tinfo@jeffersonandyork.com<br \/>\n\t\t\t\t\t\t\t\t\t\t\t<\/a>\n\t\t\t\t\t\t\t\t\t<\/li>\n<\/ul>\n<ul>\n<li>\n\t\t\t\t\t\t\t\t\t\tjeffersonandyork.com\n\t\t\t\t\t\t\t\t\t<\/li>\n<\/ul>\n<h4>Mina Yousefi Immigration Services<\/h4>\n<ul>\n<li>\n\t\t\t\t\t\t\t\t\t\t\t<a href=\"tel:0016479221740\"><br \/>\n\t\t\t\t\t\t\t\t\t\t0016479221740<br \/>\n\t\t\t\t\t\t\t\t\t\t\t<\/a>\n\t\t\t\t\t\t\t\t\t<\/li>\n<\/ul>\n<ul>\n<li>\n\t\t\t\t\t\t\t\t\t\t\t<a href=\"mailto:mina.yousefi@immiway.com\"><br \/>\n\t\t\t\t\t\t\t\t\t\tmina.yousefi@immiway.com<br \/>\n\t\t\t\t\t\t\t\t\t\t\t<\/a>\n\t\t\t\t\t\t\t\t\t<\/li>\n<\/ul>\n<ul>\n<li>\n\t\t\t\t\t\t\t\t\t\twww.immiway.com\n\t\t\t\t\t\t\t\t\t<\/li>\n<\/ul>\n<h4>Nationwide Middle East Properties LLC<\/h4>\n<ul>\n<li>\n\t\t\t\t\t\t\t\t\t\t\t<a href=\"tel:971%20800%2014444\"><br \/>\n\t\t\t\t\t\t\t\t\t\t971 800 14444<br \/>\n\t\t\t\t\t\t\t\t\t\t\t<\/a>\n\t\t\t\t\t\t\t\t\t<\/li>\n<\/ul>\n<h4>UNICAN<\/h4>\n<p>1012, Burlington Tower Business Bay, Sheikh Zayed Road, Dubai, UAE<\/p>\n<ul>\n<li>\n\t\t\t\t\t\t\t\t\t\t\t<a href=\"https:\/\/unicanimmigration.com\/\" target=\"_blank\" rel=\"noopener\"><br \/>\n\t\t\t\t\t\t\t\t\t\twww.unicanimmigration.com<br \/>\n\t\t\t\t\t\t\t\t\t\t\t<\/a>\n\t\t\t\t\t\t\t\t\t<\/li>\n<\/ul>\n<h3>\u00e2\u20ac\u017d<br \/> \u00e2\u20ac\u017d<\/h3>\n<p>\t\t\t\t\t<a href=\"https:\/\/cbiu.gov.dm\/zh-hans\/%e5%a4%9a%e7%b1%b3%e5%b0%bc%e5%85%8b%e5%85%ac%e6%b0%91%e8%ba%ab%e4%bb%bd\/%e8%a6%81%e6%b1%82%e6%96%87%e4%bb%b6\/\"><br \/>\n\t\t\t\t\t\t\t\t\t\u00e2\u20ac\u017d\u00e2\u20ac\u017d<br \/>\n\t\t\t\t\t<\/a><\/p>\n","protected":false},"excerpt":{"rendered":"<p>\u00e4\u00bb\u00a3\u00e7\u0090\u2020\u00e9\u00bb\u2018\u00e5\u0090\u008d\u00e5\u008d\u2022 \u00e9\u00a6\u2013\u00e9\u00a1\u00b5 \u00e4\u00bb\u00a3\u00e7\u0090\u2020\u00e9\u00bb\u2018\u00e5\u0090\u008d\u00e5\u008d\u2022 \u00e4\u00bb\u00a3\u00e7\u0090\u2020\u00e9\u00bb\u2018\u00e5\u0090\u008d\u00e5\u008d\u2022 \u00e5\u00a4\u0161\u00e7\u00b1\u00b3\u00e5\u00b0\u00bc\u00e5\u2026\u2039\u00e6\u0160\u2022\u00e8\u00b5\u201e\u00e7\u00a7\u00bb\u00e6\u00b0\u2018\u00e5\u00b1\u20ac\u00e9\u20ac\u0161\u00e7\u0178\u00a5\u00ef\u00bc\u0152\u00e4\u00bb\u00a5\u00e4\u00b8\u2039\u00e5\u2026\u00ac\u00e5\u008f\u00b8\u00e5\u2019\u0152\u00e4\u00bb\u00a3\u00e7\u0090\u2020\u00e4\u00b8\u008d\u00e6\u02dc\u00af\u00e5\u00a4\u0161\u00e7\u00b1\u00b3\u00e5\u00b0\u00bc\u00e5\u2026\u2039\u00e6\u0160\u2022\u00e8\u00b5\u201e\u00e7\u00a7\u00bb\u00e6\u00b0\u2018\u00e9\u00a1\u00b9\u00e7\u203a\u00ae\u00e7\u0161\u201e\u00e6\u017d\u02c6\u00e6\u009d\u0192\u00e4\u00bb\u00a3\u00e7\u0090\u2020\u00e6\u02c6\u2013\u00e6\u017d\u00a8\u00e5\u00b9\u00bf\u00e4\u00ba\u00ba\u00ef\u00bc\u0152\u00e4\u00b8\u017d\u00e5\u00a4\u0161\u00e7\u00b1\u00b3\u00e5\u00b0\u00bc\u00e5\u2026\u2039\u00e6\u0160\u2022\u00e8\u00b5\u201e\u00e7\u00a7\u00bb\u00e6\u00b0\u2018\u00e5\u00b1\u20ac\u00e6\u00b2\u00a1\u00e6\u0153\u2030\u00e4\u00bb\u00bb\u00e4\u00bd\u2022\u00e5\u2026\u00b3\u00e7\u00b3\u00bb\u00e3\u20ac\u201a ALT GROUP Alt Group Building, Salm Street, Sulaymaniyah, Iraq +964 770 481 3939 +964 770 152 3939 info@altgroupltd.com www.altgroupltd.com Canadian Bureau Al Yasat Tower, Suite 1003, Najda Street, Abu Dhabi, United Arab Emirates www.canadianbureau.ae Dina Sky Immigration Services Sarchnyar Street -Sulaymaniya info@dinaskycompany.com www.tourismsystem.net JEFFERSON &amp; YORK BUSINESSMEN SERVICES Office 408, [&hellip;]<\/p>\n","protected":false},"author":8,"featured_media":0,"parent":11447,"menu_order":0,"comment_status":"closed","ping_status":"closed","template":"","meta":{"footnotes":""},"class_list":["post-11359","page","type-page","status-publish","hentry"],"_links":{"self":[{"href":"https:\/\/simplydev.co\/dominica\/wp-json\/wp\/v2\/pages\/11359","targetHints":{"allow":["GET"]}}],"collection":[{"href":"https:\/\/simplydev.co\/dominica\/wp-json\/wp\/v2\/pages"}],"about":[{"href":"https:\/\/simplydev.co\/dominica\/wp-json\/wp\/v2\/types\/page"}],"author":[{"embeddable":true,"href":"https:\/\/simplydev.co\/dominica\/wp-json\/wp\/v2\/users\/8"}],"replies":[{"embeddable":true,"href":"https:\/\/simplydev.co\/dominica\/wp-json\/wp\/v2\/comments?post=11359"}],"version-history":[{"count":0,"href":"https:\/\/simplydev.co\/dominica\/wp-json\/wp\/v2\/pages\/11359\/revisions"}],"up":[{"embeddable":true,"href":"https:\/\/simplydev.co\/dominica\/wp-json\/wp\/v2\/pages\/11447"}],"wp:attachment":[{"href":"https:\/\/simplydev.co\/dominica\/wp-json\/wp\/v2\/media?parent=11359"}],"curies":[{"name":"wp","href":"https:\/\/api.w.org\/{rel}","templated":true}]}}